{"id":58,"date":"2015-08-13T07:30:20","date_gmt":"2015-08-13T07:30:20","guid":{"rendered":"http:\/\/studiobarbierato.com\/?page_id=58"},"modified":"2015-08-13T07:30:20","modified_gmt":"2015-08-13T07:30:20","slug":"informativa-sui-cookie","status":"publish","type":"page","link":"https:\/\/studiobarbierato.com\/index.php\/informativa-sui-cookie\/","title":{"rendered":"INFORMATIVA SUI COOKIE"},"content":{"rendered":"<h2>Per rendere il nostro sito pi\u00f9 facile ed intuitivo facciamo uso dei cookie.<\/h2>\n<h1>Informativa sull\u2019uso dei cookies<\/h1>\n<p>Per rendere il nostro sito pi\u00f9 facile ed intuitivo facciamo uso dei cookie. I cookie sono piccole porzioni di dati che ci permettono di confrontare i visitatori nuovi e quelli passati e di capire come gli utenti navigano attraverso il nostro sito. Utilizziamo i dati raccolti grazie ai cookie per rendere l\u2019esperienza di navigazione pi\u00f9 piacevole e pi\u00f9 efficiente in futuro.<\/p>\n<p>I cookie non registrano alcuna informazione personale su un utente e gli eventuali dati identificabili non verranno memorizzati. Se si desidera disabilitare l\u2019uso dei cookie \u00e8 necessario personalizzare le impostazioni del proprio computer impostando la cancellazione di tutti i cookie o attivando un messaggio di avviso quando i cookie vengono memorizzati.<\/p>\n<p>Per procedere senza modificare l\u2019applicazione dei cookie \u00e8 sufficiente continuare con la navigazione.<\/p>\n<p>Visita <a href=\"http:\/\/aboutcookies.org\/\" target=\"_blank\">AboutCookies.org<\/a> per ulteriori informazioni sui cookie e su come influenzano la tua esperienza di navigazione.<\/p>\n<h5>I tipi di cookie utilizzati<\/h5>\n<p><strong>Cookie indispensabili<\/strong><\/p>\n<p>Questi cookie sono essenziali al fine di consentire di spostarsi in tutto il sito ed utilizzare a pieno le sue caratteristiche, come ad esempio accedere alle varie aree protette del sito. Senza questi cookie alcuni servizi necessari, come la compilazione di un form per un concorso, non possono essere fruiti.<\/p>\n<p><strong>Performance cookie<\/strong><\/p>\n<p>Questi cookie raccolgono informazioni su come gli utenti utilizzano un sito web, ad esempio, quali sono le pagine pi\u00f9 visitare, se si ricevono messaggi di errore da pagine web. Questi cookie non raccolgono informazioni che identificano un visitatore. Tutte le informazioni raccolte tramite cookie sono aggregate e quindi anonime. Vengono utilizzati solo per migliorare il funzionamento di un sito web.<\/p>\n<p>Utilizzando il nostro sito, l\u2019utente accetta che tali cookie possono essere installati sul proprio dispositivo.<\/p>\n<p><strong>Cookie di funzionalit\u00e0<\/strong><\/p>\n<p>I cookie consentono al sito di ricordare le scelte fatte dall\u2019utente (come il nome, la lingua o la regione di provenienza) e forniscono funzionalit\u00e0 avanzate personalizzate. Questi cookie possono essere utilizzati anche per ricordare le modifiche apportate alla dimensione del testo, font ed altre parti di pagine web che \u00e8 possibile personalizzare.<br \/>\nEssi possono anche essere utilizzati per fornire servizi che hai chiesto come guardare un video o i commenti su un blog. Le informazioni raccolte da questi tipi di cookie possono essere rese anonime e non in grado di monitorare la vostra attivit\u00e0 di navigazione su altri siti web.<\/p>\n<p>Utilizzando il nostro sito, l\u2019utente accetta che tali cookie possono essere installati sul proprio dispositivo.<\/p>\n<p><strong>Cookie di terze parti<\/strong><\/p>\n<p>I cookie di terze parti sono cookie impostati da un sito web diverso da quello che si sta attualmente visitando. Ad esempio, il sito potrebbe contenere al suo interno un pulsante \u201cMi piace\u201d di Facebook. Quel pulsante imposter\u00e0 un cookie che pu\u00f2 essere letto da Facebook. Questo \u00e8 considerato come un cookie di terze parti.<\/p>\n<p>Alcuni inserzionisti pubblicitari utilizzano questi tipi di cookie per tenere traccia delle visite dell\u2019utilizzatore su tutti i siti sui quali offrono i propri servizi. Se un utente ritiene che questa tracciabilit\u00e0 possa essere fonte di preoccupazione e di ingerenza nella propria privacy, in Firefox e negli altri browser \u00e8 possibile disattivare i cookie di terze parti.<\/p>\n<h5>Come gestire i cookie sul tuo PC<\/h5>\n<p>Se si desidera consentire i cookie dal nostro sito, si prega di seguire i passaggi riportati di seguito,<\/p>\n<p><strong>Google Chrome<\/strong><\/p>\n<ul class=\"lista lista_cookies\">\n<li>Clicca su \u201cStrumenti\u201d nella parte superiore della finestra del browser e selezionare Opzioni<\/li>\n<li>Fai clic sulla scheda \u2018Roba da smanettoni\u2019 , individua la sezione \u2018Privacy\u2019, e seleziona il pulsante \u201cImpostazioni contenuto\u201d<\/li>\n<li>Ora seleziona \u2018Consenti dati locali da impostare\u2019<\/li>\n<\/ul>\n<p><strong>Microsoft Internet Explorer 6.0, 7.0, 8.0, 9.0<\/strong><\/p>\n<ul class=\"lista lista_cookies\">\n<li>Clicca su \u201cStrumenti\u201d nella parte superiore della finestra del browser e seleziona \u2018Opzioni Internet\u2019, quindi fai clic sulla scheda \u2018Privacy\u2019<\/li>\n<li>Per attivare i cookie nel tuo browser, assicurati che il livello di privacy \u00e8 impostato su Medio o al di sotto,<\/li>\n<li>Impostando il livello di privacy sopra il Medio disattiverai l\u2019utilizzo dei cookies.<\/li>\n<\/ul>\n<p><strong>Mozilla Firefox<\/strong><\/p>\n<ul class=\"lista lista_cookies\">\n<li>Clicca su \u201cStrumenti\u201d nella parte superiore della finestra del browser e seleziona \u201cOpzioni\u201d<\/li>\n<li>Quindi seleziona l\u2019icona Privacy<\/li>\n<li>Fai clic su Cookie, quindi seleziona \u2018permetto ai siti l\u2019utilizzo dei cookie\u2019<\/li>\n<\/ul>\n<p><strong>Safari<\/strong><\/p>\n<ul class=\"lista lista_cookies\">\n<li>Fai clic sull\u2019icona Cog nella parte superiore della finestra del browser e seleziona l\u2019opzione \u201cPreferenze\u201d<\/li>\n<li>Fai clic su \u2018Protezione\u2019, seleziona l\u2019opzione che dice \u2018Blocco di terze parti e di cookie per la pubblicit\u00e0\u2019<\/li>\n<li>Fai clic su \u2018Salva\u2019<\/li>\n<\/ul>\n<p><strong>Come gestire i cookie su Mac<\/strong><\/p>\n<p><strong>Microsoft Internet Explorer 5.0 su OSX<\/strong><\/p>\n<ul class=\"lista lista_cookies\">\n<li>Fai clic su \u2018Esplora\u2019 nella parte superiore della finestra del browser e seleziona l\u2019opzione \u201cPreferenze\u201d<\/li>\n<li>Scorri verso il basso fino a visualizzare \u201cCookie\u201d nella sezione File Ricezione<\/li>\n<li>Seleziona l\u2019opzione \u2018Non chiedere\u2019<\/li>\n<\/ul>\n<p><strong>Mozilla e Netscape su OSX<\/strong><\/p>\n<ul class=\"lista lista_cookies\">\n<li>Fai clic su \u2018Mozilla\u2019 o \u2018Netscape\u2019 nella parte superiore della finestra del browser e seleziona l\u2019opzione \u201cPreferenze\u201d<\/li>\n<li>Scorri verso il basso fino a visualizzare i cookie sotto \u2018Privacy e sicurezza\u2019<\/li>\n<li>Seleziona \u2018Abilita i cookie solo per il sito di origine\u2019<\/li>\n<\/ul>\n<p><strong>Safari su OSX<\/strong><\/p>\n<ul class=\"lista lista_cookies\">\n<li>Fai clic su \u2018Safari\u2019 nella parte superiore della finestra del browser e seleziona l\u2019opzione \u201cPreferenze\u201d<\/li>\n<li>Fai clic su \u2018Sicurezza\u2019 e poi \u2018Accetta i cookie\u2019<\/li>\n<li>Seleziona \u201cSolo dal sito\u201d<\/li>\n<\/ul>\n<p><strong>Opera<\/strong><\/p>\n<ul class=\"lista lista_cookies\">\n<li>Fai clic su \u2018Menu\u2019 nella parte superiore della finestra del browser e seleziona \u201cImpostazioni\u201d<\/li>\n<li>Quindi seleziona \u201cPreferenze\u201d, seleziona la scheda \u2018Avanzate\u2019<\/li>\n<li>Quindi seleziona l\u2019opzione \u201cAccetta i cookie\u201d<\/li>\n<\/ul>\n<p><strong>Google Analytics<\/strong><\/p>\n<p>Questo sito web utilizza Google Analytics, un servizio di analisi web fornito da Google , Inc. (\u201cGoogle\u201d) . Google Analytics utilizza dei \u201ccookies\u201d , che sono file di testo depositati sul Vostro computer per consentire al sito web di analizzare come gli utenti utilizzano il sito.<br \/>\nLe informazioni generate dal cookie sull\u2019utilizzo del sito web ( compreso il Vostro indirizzo IP anonimo ) verranno trasmesse e depositate presso i server di Google negli Stati Uniti. Google utilizzer\u00e0 queste informazioni allo scopo di esaminare il Vostro utilizzo del sito web, compilare report sulle attivit\u00e0 del sito per gli operatori dello stesso e fornire altri servizi relativi alle attivit\u00e0 del sito web e all\u2019utilizzo di internet.<\/p>\n<p>Google pu\u00f2 anche trasferire queste informazioni a terzi ove ci\u00f2 sia imposto dalla legge o laddove tali terzi trattino le suddette informazioni per conto di Google . Google non assocer\u00e0 il vostro indirizzo IP a nessun altro dato posseduto da Google. Potete rifiutarvi di usare i cookies selezionando l\u2019impostazione appropriata sul vostro browser, ma si prega di notare che se si fa questo non si pu\u00f2 essere in grado di utilizzare tutte le funzionalit\u00e0 di questo sito web.<\/p>\n<p>Utilizzando il presente sito web, voi acconsentite al trattamento dei Vostri dati da parte di Google per le modalit\u00e0 ed i fini sopraindicati.<\/p>\n<p>Si pu\u00f2 impedire a Google il rilevamento di un cookie che viene generato a causa di e legato al Vostro utilizzo di questo sito web (compreso il Vostro indirizzo IP) e l\u2019elaborazione di tali dati scaricando e installando questo plugin per il browser :<a href=\"http:\/\/tools.google.com\/dlpage\/gaoptout?hl=en.\" target=\"_blank\">http:\/\/tools.google.com\/dlpage\/gaoptout?hl=en.<\/a><\/p>\n","protected":false},"excerpt":{"rendered":"<p>Per rendere il nostro sito pi\u00f9 facile ed intuitivo facciamo uso dei cookie. Informativa sull\u2019uso dei cookies Per rendere il nostro sito pi\u00f9 facile ed intuitivo facciamo uso dei cookie. I cookie sono piccole porzioni di dati che ci permettono di confrontare i visitatori nuovi e quelli passati e di capire come gli utenti navigano [&hellip;]<\/p>\n","protected":false},"author":1,"featured_media":0,"parent":0,"menu_order":0,"comment_status":"closed","ping_status":"open","template":"","meta":[],"yoast_head":"<!-- This site is optimized with the Yoast SEO plugin v21.1 - https:\/\/yoast.com\/wordpress\/plugins\/seo\/ -->\n<title>INFORMATIVA SUI COOKIE - Studio Barbierato<\/title>\n<meta name=\"robots\" content=\"index, follow, max-snippet:-1, max-image-preview:large, max-video-preview:-1\" \/>\n<link rel=\"canonical\" href=\"https:\/\/studiobarbierato.com\/index.php\/informativa-sui-cookie\/\" \/>\n<meta property=\"og:locale\" content=\"it_IT\" \/>\n<meta property=\"og:type\" content=\"article\" \/>\n<meta property=\"og:title\" content=\"INFORMATIVA SUI COOKIE - Studio Barbierato\" \/>\n<meta property=\"og:description\" content=\"Per rendere il nostro sito pi\u00f9 facile ed intuitivo facciamo uso dei cookie. Informativa sull\u2019uso dei cookies Per rendere il nostro sito pi\u00f9 facile ed intuitivo facciamo uso dei cookie. I cookie sono piccole porzioni di dati che ci permettono di confrontare i visitatori nuovi e quelli passati e di capire come gli utenti navigano [&hellip;]\" \/>\n<meta property=\"og:url\" content=\"https:\/\/studiobarbierato.com\/index.php\/informativa-sui-cookie\/\" \/>\n<meta property=\"og:site_name\" content=\"Studio Barbierato\" \/>\n<meta name=\"twitter:label1\" content=\"Tempo di lettura stimato\" \/>\n\t<meta name=\"twitter:data1\" content=\"6 minuti\" \/>\n<script type=\"application\/ld+json\" class=\"yoast-schema-graph\">{\"@context\":\"https:\/\/schema.org\",\"@graph\":[{\"@type\":\"WebPage\",\"@id\":\"https:\/\/studiobarbierato.com\/index.php\/informativa-sui-cookie\/\",\"url\":\"https:\/\/studiobarbierato.com\/index.php\/informativa-sui-cookie\/\",\"name\":\"INFORMATIVA SUI COOKIE - Studio Barbierato\",\"isPartOf\":{\"@id\":\"https:\/\/studiobarbierato.com\/#website\"},\"datePublished\":\"2015-08-13T07:30:20+00:00\",\"dateModified\":\"2015-08-13T07:30:20+00:00\",\"breadcrumb\":{\"@id\":\"https:\/\/studiobarbierato.com\/index.php\/informativa-sui-cookie\/#breadcrumb\"},\"inLanguage\":\"it-IT\",\"potentialAction\":[{\"@type\":\"ReadAction\",\"target\":[\"https:\/\/studiobarbierato.com\/index.php\/informativa-sui-cookie\/\"]}]},{\"@type\":\"BreadcrumbList\",\"@id\":\"https:\/\/studiobarbierato.com\/index.php\/informativa-sui-cookie\/#breadcrumb\",\"itemListElement\":[{\"@type\":\"ListItem\",\"position\":1,\"name\":\"Home\",\"item\":\"https:\/\/studiobarbierato.com\/\"},{\"@type\":\"ListItem\",\"position\":2,\"name\":\"INFORMATIVA SUI COOKIE\"}]},{\"@type\":\"WebSite\",\"@id\":\"https:\/\/studiobarbierato.com\/#website\",\"url\":\"https:\/\/studiobarbierato.com\/\",\"name\":\"Studio Barbierato\",\"description\":\"Studio Barbierato - Sicurezza sul lavoro\",\"potentialAction\":[{\"@type\":\"SearchAction\",\"target\":{\"@type\":\"EntryPoint\",\"urlTemplate\":\"https:\/\/studiobarbierato.com\/?s={search_term_string}\"},\"query-input\":\"required name=search_term_string\"}],\"inLanguage\":\"it-IT\"}]}<\/script>\n<!-- \/ Yoast SEO plugin. -->","yoast_head_json":{"title":"INFORMATIVA SUI COOKIE - Studio Barbierato","robots":{"index":"index","follow":"follow","max-snippet":"max-snippet:-1","max-image-preview":"max-image-preview:large","max-video-preview":"max-video-preview:-1"},"canonical":"https:\/\/studiobarbierato.com\/index.php\/informativa-sui-cookie\/","og_locale":"it_IT","og_type":"article","og_title":"INFORMATIVA SUI COOKIE - Studio Barbierato","og_description":"Per rendere il nostro sito pi\u00f9 facile ed intuitivo facciamo uso dei cookie. Informativa sull\u2019uso dei cookies Per rendere il nostro sito pi\u00f9 facile ed intuitivo facciamo uso dei cookie. I cookie sono piccole porzioni di dati che ci permettono di confrontare i visitatori nuovi e quelli passati e di capire come gli utenti navigano [&hellip;]","og_url":"https:\/\/studiobarbierato.com\/index.php\/informativa-sui-cookie\/","og_site_name":"Studio Barbierato","twitter_misc":{"Tempo di lettura stimato":"6 minuti"},"schema":{"@context":"https:\/\/schema.org","@graph":[{"@type":"WebPage","@id":"https:\/\/studiobarbierato.com\/index.php\/informativa-sui-cookie\/","url":"https:\/\/studiobarbierato.com\/index.php\/informativa-sui-cookie\/","name":"INFORMATIVA SUI COOKIE - Studio Barbierato","isPartOf":{"@id":"https:\/\/studiobarbierato.com\/#website"},"datePublished":"2015-08-13T07:30:20+00:00","dateModified":"2015-08-13T07:30:20+00:00","breadcrumb":{"@id":"https:\/\/studiobarbierato.com\/index.php\/informativa-sui-cookie\/#breadcrumb"},"inLanguage":"it-IT","potentialAction":[{"@type":"ReadAction","target":["https:\/\/studiobarbierato.com\/index.php\/informativa-sui-cookie\/"]}]},{"@type":"BreadcrumbList","@id":"https:\/\/studiobarbierato.com\/index.php\/informativa-sui-cookie\/#breadcrumb","itemListElement":[{"@type":"ListItem","position":1,"name":"Home","item":"https:\/\/studiobarbierato.com\/"},{"@type":"ListItem","position":2,"name":"INFORMATIVA SUI COOKIE"}]},{"@type":"WebSite","@id":"https:\/\/studiobarbierato.com\/#website","url":"https:\/\/studiobarbierato.com\/","name":"Studio Barbierato","description":"Studio Barbierato - Sicurezza sul lavoro","potentialAction":[{"@type":"SearchAction","target":{"@type":"EntryPoint","urlTemplate":"https:\/\/studiobarbierato.com\/?s={search_term_string}"},"query-input":"required name=search_term_string"}],"inLanguage":"it-IT"}]}},"_links":{"self":[{"href":"https:\/\/studiobarbierato.com\/index.php\/wp-json\/wp\/v2\/pages\/58"}],"collection":[{"href":"https:\/\/studiobarbierato.com\/index.php\/wp-json\/wp\/v2\/pages"}],"about":[{"href":"https:\/\/studiobarbierato.com\/index.php\/wp-json\/wp\/v2\/types\/page"}],"author":[{"embeddable":true,"href":"https:\/\/studiobarbierato.com\/index.php\/wp-json\/wp\/v2\/users\/1"}],"replies":[{"embeddable":true,"href":"https:\/\/studiobarbierato.com\/index.php\/wp-json\/wp\/v2\/comments?post=58"}],"version-history":[{"count":1,"href":"https:\/\/studiobarbierato.com\/index.php\/wp-json\/wp\/v2\/pages\/58\/revisions"}],"predecessor-version":[{"id":59,"href":"https:\/\/studiobarbierato.com\/index.php\/wp-json\/wp\/v2\/pages\/58\/revisions\/59"}],"wp:attachment":[{"href":"https:\/\/studiobarbierato.com\/index.php\/wp-json\/wp\/v2\/media?parent=58"}],"curies":[{"name":"wp","href":"https:\/\/api.w.org\/{rel}","templated":true}]}}